{"id":139,"date":"2019-07-14T21:21:32","date_gmt":"2019-07-14T19:21:32","guid":{"rendered":"https:\/\/vollweiler.eu\/?page_id=139"},"modified":"2019-07-19T20:25:37","modified_gmt":"2019-07-19T18:25:37","slug":"projekte","status":"publish","type":"page","link":"https:\/\/vollweiler.eu\/en\/projekte\/","title":{"rendered":"Projects"},"content":{"rendered":"<p class=\"has-medium-font-size\">All my personal projects will be presented at this site.<\/p>\n\n\n\n<p><\/p>\n\n\n\n<p>Das erste Projekt ist eine interdisziplin\u00e4re Zusammenarbeit aus den historischen Wissenschaften, vertretend durch mich und dem Fachbereich der Germanistik von Prof. Dr.  <a rel=\"noreferrer noopener\" href=\"https:\/\/www.philhist.uni-augsburg.de\/lehrstuehle\/germanistik\/lsbay\/Mitarbeiter\/wolf\/\" target=\"_blank\">Klaus Wolf \u00fcber das Thema Pflanzenb\u00fccher<\/a>. <\/p>\n\n\n\n<p>\nDie\nAusstellung Augsburger Pflanzenb\u00fccher begann als interdisziplin\u00e4res\nKooperationsprojekt zwischen dem Botanischen Garten Augsburg und der\nUniversit\u00e4t Augsburg. Von der Stadt- und Staatsbibliothek und der\nUniversit\u00e4tsbibliothek werden verschiedene Kr\u00e4uter- und\nPflanzenb\u00fccher vom Mittelalter bis in die Vormoderne zur Verf\u00fcgung\ngestellt. Gezeigt werden allerdings keine Originale, sondern\ndigitalisierte Versionen. Konkret sind in der Ausstellung nur\nBuchausz\u00fcge bekannter, aber auch unerforschter Wissenschaftler auf\nKunststoffbannern zu sehen. Mit dem Buchdruck erreichten die\nPflanzenb\u00fccher auch Privathaushalte und fanden Einzug in K\u00fcche und\nHausmedizin. Die Exponate zeigen sowohl die wissenschaftliche,\nbotanische Seite als auch die Praxis der Pflanzenheilkunde.\nKr\u00e4uterb\u00fccher waren das botanische Lexikon und zeigten neben\nbotanischen Merkmalen auch Heilwirkungen auf. Sie waren also\nmedizinische Ratgeber und wichtig f\u00fcr Fachkr\u00e4fte und Haushalt.<\/p>\n\n\n\n<p>\nViele\nWissenschaftler besuchten die Stadt Augsburg, um ihre Werke in die\nDruckerpresse zu geben, denn schon seit dem 15. Jahrhundert war\nAugsburg im Druck deutschsprachiger B\u00fccher reichsweit f\u00fchrend. Bis\nzur endg\u00fcltigen Drucklegung verweilten Gelehrte oftmals einige Tage\nlang in der Stadt. Reiche Kaufleute fungierten als M\u00e4zene, was viele\nDrucke bezeugen. Der Ruf Augsburgs als Druckerstadt ging weit \u00fcber\ndie Stadtgrenzen hinaus. So lie\u00df etwa der Wiener Arzt und\nMedizinprofessor Michael Puff sein Werk \u00fcber die Destillation\nerstmalig in Augsburg drucken.<\/p>\n\n\n\n<p> Die im Botanischen Garten begonnene Ausstellung wurde in der Universit\u00e4tsbibliothek Augsburg fortgesetzt. Statt der Pflanzenexponate wurden die Banner dann von den echten Heilpflanzenb\u00fcchern der Universit\u00e4tsbibliothek illustriert. Fortsetzungen sind f\u00fcr Gmund am Tegernsee sowie im Klostermuseum Altom\u00fcnster geplant. Weitere Informationen unter: https:\/\/augsburger-pflanzenbuecher.de<\/p>\n\n\n\n\n\nngg_shortcode_0_placeholder","protected":false},"excerpt":{"rendered":"<p>Auf dieser Seiten sollen meine Projekte vorgestellt werden. Dabei handelt es sich um private und &hellip; <a href=\"https:\/\/vollweiler.eu\/en\/projekte\/\" class=\"more-link\"><span class=\"more-button\">Continue Reading<span class=\"screen-reader-text\">Projects<\/span><\/span><\/a><\/p>","protected":false},"author":4,"featured_media":0,"parent":0,"menu_order":0,"comment_status":"closed","ping_status":"closed","template":"","meta":{"ngg_post_thumbnail":0,"footnotes":""},"class_list":["post-139","page","type-page","status-publish","hentry"],"_links":{"self":[{"href":"https:\/\/vollweiler.eu\/en\/wp-json\/wp\/v2\/pages\/139","targetHints":{"allow":["GET"]}}],"collection":[{"href":"https:\/\/vollweiler.eu\/en\/wp-json\/wp\/v2\/pages"}],"about":[{"href":"https:\/\/vollweiler.eu\/en\/wp-json\/wp\/v2\/types\/page"}],"author":[{"embeddable":true,"href":"https:\/\/vollweiler.eu\/en\/wp-json\/wp\/v2\/users\/4"}],"replies":[{"embeddable":true,"href":"https:\/\/vollweiler.eu\/en\/wp-json\/wp\/v2\/comments?post=139"}],"version-history":[{"count":6,"href":"https:\/\/vollweiler.eu\/en\/wp-json\/wp\/v2\/pages\/139\/revisions"}],"predecessor-version":[{"id":199,"href":"https:\/\/vollweiler.eu\/en\/wp-json\/wp\/v2\/pages\/139\/revisions\/199"}],"wp:attachment":[{"href":"https:\/\/vollweiler.eu\/en\/wp-json\/wp\/v2\/media?parent=139"}],"curies":[{"name":"wp","href":"https:\/\/api.w.org\/{rel}","templated":true}]}}